{"id":166656,"date":"2025-12-17T10:49:07","date_gmt":"2025-12-17T10:49:07","guid":{"rendered":"https:\/\/bauta.io\/?page_id=166656"},"modified":"2025-12-19T17:40:10","modified_gmt":"2025-12-19T17:40:10","slug":"software","status":"publish","type":"page","link":"https:\/\/bauta.io\/en\/software","title":{"rendered":"Software"},"content":{"rendered":"<div class=\"wpb-content-wrapper\"><div data-parent=\"true\" class=\"vc_row has-bg need-focus style-color-jevc-bg row-container\" id=\"row-unique-0\"><div class=\"row-background background-element\" style=\"opacity: 1;\">\n\t\t\t\t\t\t\t\t\t\t\t<div class=\"background-wrapper\">\n\t\t\t\t\t\t\t\t\t\t\t\t<div class=\"background-inner\"><\/div>\n\t\t\t\t\t\t\t\t\t\t\t\t<div class=\"block-bg-overlay style-color-164875-bg\" style=\"opacity: 0.3;\"><\/div>\n\t\t\t\t\t\t\t\t\t\t\t<\/div>\n\t\t\t\t\t\t\t\t\t\t<\/div><div class=\"row limit-width row-parent\" data-height-ratio=\"60\"><div class=\"wpb_row row-inner\"><div class=\"wpb_column pos-top pos-center align_left column_parent col-lg-4 single-internal-gutter\"><div class=\"uncol style-light\"  ><div class=\"uncoltable\"><div class=\"uncell no-block-padding\" ><div class=\"uncont\" ><\/div><\/div><\/div><\/div><\/div><div class=\"wpb_column pos-middle pos-center align_center column_parent col-lg-4 half-internal-gutter\"><div class=\"uncol style-spec style-dark\"  ><div class=\"uncoltable\"><div class=\"uncell no-block-padding\" ><div class=\"uncont\" ><div class=\"vc_custom_heading_wrap\"><div class=\"heading-text el-text\" ><h3 class=\"h2\" ><span><b>Software \u00dcbersicht<\/b><\/span><\/h3><\/div><div class=\"clear\"><\/div><\/div><div class=\"vc_custom_heading_wrap\"><div class=\"heading-text el-text\" ><h5 class=\"h5\" ><span>Hardware und Software entstehen bei uns aus einer Hand, perfekt aufeinander abgestimmt. Dabei begleiten wir technisch den gesamten Prozess: Von der Datenerhebung \u00fcber die Aufbereitung bis hin zur Ableitung nutzbarer Mehrwerte.<\/p><\/span><span><p>&nbsp;<\/p><\/span><span><p>Weitere Informationen?<\/span><\/h5><\/div><div class=\"clear\"><\/div><\/div><div class=\"empty-space empty-half\" ><span class=\"empty-space-inner\"><\/span><\/div>\n<span class=\"btn-container\" ><a role=\"button\"  href=\"https:\/\/bauta.io\/kontakt\" class=\"custom-link btn btn-sm border-width-0 btn-accent btn-icon-left\" title=\"Contact\">Kontaktieren Sie uns<\/a><\/span><div class=\"empty-space empty-quart\" ><span class=\"empty-space-inner\"><\/span><\/div>\n<\/div><\/div><\/div><\/div><\/div><div class=\"wpb_column pos-top pos-center align_left column_parent col-lg-4 single-internal-gutter\"><div class=\"uncol style-light\"  ><div class=\"uncoltable\"><div class=\"uncell no-block-padding\" ><div class=\"uncont\" ><\/div><\/div><\/div><\/div><\/div><script id=\"script-row-unique-0\" data-row=\"script-row-unique-0\" type=\"text\/javascript\" class=\"vc_controls\">UNCODE.initRow(document.getElementById(\"row-unique-0\"));<\/script><\/div><\/div><\/div><div data-parent=\"true\" class=\"vc_row row-container\" id=\"row-unique-1\"><div class=\"row unequal col-double-gutter double-top-padding triple-bottom-padding single-h-padding limit-width row-parent\"><div class=\"wpb_row row-inner\"><div class=\"wpb_column pos-top pos-left align_left column_parent col-lg-6 one-internal-gutter\"><div class=\"uncol style-light\"  ><div class=\"uncoltable\"><div class=\"uncell no-block-padding\" ><div class=\"uncont\" ><div class=\"uncode-single-media  text-left\"><div class=\"single-wrapper\" style=\"max-width: 100%;\"><div class=\"uncode-single-media-wrapper single-advanced\"><div class=\"tmb tmb-light tmb-overlay-text-anim tmb-overlay-anim tmb-overlay-text-left tmb-image-anim  tmb-img-ratio tmb-media-first tmb-media-last tmb-content-overlay tmb-no-bg\" ><div class=\"t-inside\" ><div class=\"t-entry-visual\"><div class=\"t-entry-visual-tc\"><div class=\"t-entry-visual-cont\"><div class=\"dummy\" style=\"padding-top: 56.3%;\"><\/div><a href=\"https:\/\/bauta.io\/ki-modelle\"  class=\"pushed\"><div class=\"t-entry-visual-overlay\"><div class=\"t-entry-visual-overlay-in style-dark-bg\" style=\"opacity: 0.01;\"><\/div><\/div><img fetchpriority=\"high\" decoding=\"async\" class=\"wp-image-166665\" src=\"https:\/\/bauta.io\/wp-content\/uploads\/2025\/12\/Folie1-3.jpg\" width=\"1280\" height=\"720\" alt=\"\" srcset=\"https:\/\/bauta.io\/wp-content\/uploads\/2025\/12\/Folie1-3.jpg 1280w, https:\/\/bauta.io\/wp-content\/uploads\/2025\/12\/Folie1-3-300x169.jpg 300w, https:\/\/bauta.io\/wp-content\/uploads\/2025\/12\/Folie1-3-1024x576.jpg 1024w, https:\/\/bauta.io\/wp-content\/uploads\/2025\/12\/Folie1-3-768x432.jpg 768w, https:\/\/bauta.io\/wp-content\/uploads\/2025\/12\/Folie1-3-18x10.jpg 18w, https:\/\/bauta.io\/wp-content\/uploads\/2025\/12\/Folie1-3-350x197.jpg 350w\" sizes=\"(max-width: 1280px) 100vw, 1280px\" \/><\/a><\/div>\n\t\t\t\t\t<\/div>\n\t\t\t\t<\/div><\/div><\/div><\/div><\/div><\/div><div class=\"empty-space empty-single\" ><span class=\"empty-space-inner\"><\/span><\/div>\n<div class=\"vc_custom_heading_wrap\"><div class=\"heading-text el-text\" ><h4 class=\"h4\" ><span><strong>KI-Modelle zur Informationserhebung<\/strong><\/span><\/h4><\/div><div class=\"clear\"><\/div><\/div><div class=\"uncode_text_column\" ><p>Unsere Sensoren erfassen ihre Umgebung dank ihres Datenschutz\u2011by\u2011Design\u2011Konzepts vollst\u00e4ndig unkenntlich, sodass keine R\u00fcckschl\u00fcsse auf einzelne Individuen m\u00f6glich sind. Unkenntlich bedeutet also: Maximale Privatsph\u00e4re &#8211; aber keineswegs Unbrauchbarkeit. Trotz der Anonymisierung lassen sich diverse, oberfl\u00e4chige und anonyme Informationen zuverl\u00e4ssig erheben.<\/p>\n<\/div><div class=\"empty-space empty-single\" ><span class=\"empty-space-inner\"><\/span><\/div>\n<span class=\"btn-container\" ><a role=\"button\"  href=\"https:\/\/bauta.io\/ki-modelle\" class=\"custom-link btn btn-sm border-width-0 btn-accent btn-icon-left\" title=\"KI-Modelle\">Mehr erfahren<\/a><\/span><\/div><\/div><\/div><\/div><\/div><div class=\"wpb_column pos-top pos-left align_left column_parent col-lg-6 one-internal-gutter\"><div class=\"uncol style-light\"  ><div class=\"uncoltable\"><div class=\"uncell no-block-padding\" ><div class=\"uncont\" ><div class=\"uncode-single-media  text-left\"><div class=\"single-wrapper\" style=\"max-width: 100%;\"><div class=\"uncode-single-media-wrapper single-advanced\"><div class=\"tmb tmb-light tmb-overlay-text-anim tmb-overlay-anim tmb-overlay-text-left tmb-image-anim  tmb-img-ratio tmb-media-first tmb-media-last tmb-content-overlay tmb-no-bg\" ><div class=\"t-inside\" ><div class=\"t-entry-visual\"><div class=\"t-entry-visual-tc\"><div class=\"t-entry-visual-cont\"><div class=\"dummy\" style=\"padding-top: 56.3%;\"><\/div><a href=\"https:\/\/bauta.io\/software-module\"  class=\"pushed\"><div class=\"t-entry-visual-overlay\"><div class=\"t-entry-visual-overlay-in style-dark-bg\" style=\"opacity: 0.01;\"><\/div><\/div><img decoding=\"async\" class=\"wp-image-166666\" src=\"https:\/\/bauta.io\/wp-content\/uploads\/2025\/12\/Folie2-3.jpg\" width=\"1280\" height=\"720\" alt=\"\" srcset=\"https:\/\/bauta.io\/wp-content\/uploads\/2025\/12\/Folie2-3.jpg 1280w, https:\/\/bauta.io\/wp-content\/uploads\/2025\/12\/Folie2-3-300x169.jpg 300w, https:\/\/bauta.io\/wp-content\/uploads\/2025\/12\/Folie2-3-1024x576.jpg 1024w, https:\/\/bauta.io\/wp-content\/uploads\/2025\/12\/Folie2-3-768x432.jpg 768w, https:\/\/bauta.io\/wp-content\/uploads\/2025\/12\/Folie2-3-18x10.jpg 18w, https:\/\/bauta.io\/wp-content\/uploads\/2025\/12\/Folie2-3-350x197.jpg 350w\" sizes=\"(max-width: 1280px) 100vw, 1280px\" \/><\/a><\/div>\n\t\t\t\t\t<\/div>\n\t\t\t\t<\/div><\/div><\/div><\/div><\/div><\/div><div class=\"empty-space empty-single\" ><span class=\"empty-space-inner\"><\/span><\/div>\n<div class=\"vc_custom_heading_wrap\"><div class=\"heading-text el-text\" ><h4 class=\"h4\" ><span><strong>Software zur Aufbereitung und Nutzung der Daten<\/strong><\/span><\/h4><\/div><div class=\"clear\"><\/div><\/div><div class=\"uncode_text_column\" ><p>Unsere innovative Dashboard\u2011L\u00f6sung erm\u00f6glicht eine klare, intuitive Einsicht und Aufbereitung s\u00e4mtlicher relevanter Datenpunkte. Erg\u00e4nzend dazu bietet unser Digital Signage Mediaplayer leistungsstarke Targeting\u2011M\u00f6glichkeiten und verarbeitet Informationen in Echtzeit zu pr\u00e4zisen Screenausspielungen.<\/p>\n<\/div><div class=\"empty-space empty-single\" ><span class=\"empty-space-inner\"><\/span><\/div>\n<span class=\"btn-container\" ><a role=\"button\"  href=\"https:\/\/bauta.io\/software-module\" class=\"custom-link btn btn-sm border-width-0 btn-accent btn-icon-left\" title=\"KI-Modelle\">Mehr erfahren<\/a><\/span><\/div><\/div><\/div><\/div><\/div><script id=\"script-row-unique-1\" data-row=\"script-row-unique-1\" type=\"text\/javascript\" class=\"vc_controls\">UNCODE.initRow(document.getElementById(\"row-unique-1\"));<\/script><\/div><\/div><\/div>\n<\/div>","protected":false},"excerpt":{"rendered":"Software \u00dcbersichtHardware und Software entstehen bei uns aus einer Hand, perfekt aufeinander abgestimmt. Dabei begleiten wir technisch den gesamten Prozess: [...]","protected":false},"author":1,"featured_media":0,"parent":0,"menu_order":0,"comment_status":"closed","ping_status":"closed","template":"","meta":{"footnotes":""},"class_list":["post-166656","page","type-page","status-publish","hentry"],"_links":{"self":[{"href":"https:\/\/bauta.io\/en\/wp-json\/wp\/v2\/pages\/166656","targetHints":{"allow":["GET"]}}],"collection":[{"href":"https:\/\/bauta.io\/en\/wp-json\/wp\/v2\/pages"}],"about":[{"href":"https:\/\/bauta.io\/en\/wp-json\/wp\/v2\/types\/page"}],"author":[{"embeddable":true,"href":"https:\/\/bauta.io\/en\/wp-json\/wp\/v2\/users\/1"}],"replies":[{"embeddable":true,"href":"https:\/\/bauta.io\/en\/wp-json\/wp\/v2\/comments?post=166656"}],"version-history":[{"count":20,"href":"https:\/\/bauta.io\/en\/wp-json\/wp\/v2\/pages\/166656\/revisions"}],"predecessor-version":[{"id":166765,"href":"https:\/\/bauta.io\/en\/wp-json\/wp\/v2\/pages\/166656\/revisions\/166765"}],"wp:attachment":[{"href":"https:\/\/bauta.io\/en\/wp-json\/wp\/v2\/media?parent=166656"}],"curies":[{"name":"wp","href":"https:\/\/api.w.org\/{rel}","templated":true}]}}